{"id":82,"date":"2019-07-26T07:28:27","date_gmt":"2019-07-26T05:28:27","guid":{"rendered":"https:\/\/antoniocardo.es\/?page_id=82"},"modified":"2024-10-24T12:41:47","modified_gmt":"2024-10-24T10:41:47","slug":"qualite","status":"publish","type":"page","link":"https:\/\/antoniocardo.es\/fr\/qualite\/","title":{"rendered":"Qualit\u00e9"},"content":{"rendered":"\t\t<div data-elementor-type=\"wp-post\" data-elementor-id=\"82\" class=\"elementor elementor-82\" data-elementor-settings=\"[]\">\n\t\t\t<div class=\"elementor-inner\">\n\t\t\t\t<div class=\"elementor-section-wrap\">\n\t\t\t\t\t\t\t<section class=\"elementor-element elementor-element-7e1215b5 elementor-section-height-min-height elementor-section-content-middle elementor-section-stretched elementor-section-full_width elementor-section-items-stretch elementor-section-height-default elementor-section elementor-top-section\" data-id=\"7e1215b5\" data-element_type=\"section\" id=\"#home\" data-settings=\"{&quot;background_background&quot;:&quot;classic&quot;,&quot;stretch_section&quot;:&quot;section-stretched&quot;}\">\n\t\t\t\t\t\t\t<div class=\"elementor-background-overlay\"><\/div>\n\t\t\t\t\t\t\t<div class=\"elementor-container elementor-column-gap-default\">\n\t\t\t\t<div class=\"elementor-row\">\n\t\t\t\t<div class=\"aux-parallax-section elementor-element elementor-element-6fa189c elementor-column elementor-col-100 elementor-top-column\" data-id=\"6fa189c\" data-element_type=\"column\">\n\t\t\t<div class=\"elementor-column-wrap\">\n\t\t\t\t\t<div class=\"elementor-widget-wrap\">\n\t\t\t\t\t\t<\/div>\n\t\t\t<\/div>\n\t\t<\/div>\n\t\t\t\t\t\t<\/div>\n\t\t\t<\/div>\n\t\t<\/section>\n\t\t\t\t<section class=\"elementor-element elementor-element-534dfb5 elementor-section-boxed elementor-section-height-default elementor-section-height-default elementor-section elementor-top-section\" data-id=\"534dfb5\" data-element_type=\"section\">\n\t\t\t\t\t\t<div class=\"elementor-container elementor-column-gap-default\">\n\t\t\t\t<div class=\"elementor-row\">\n\t\t\t\t<div class=\"aux-parallax-section elementor-element elementor-element-18bc426 elementor-column elementor-col-100 elementor-top-column\" data-id=\"18bc426\" data-element_type=\"column\">\n\t\t\t<div class=\"elementor-column-wrap  elementor-element-populated\">\n\t\t\t\t\t<div class=\"elementor-widget-wrap\">\n\t\t\t\t<div class=\"elementor-element elementor-element-dccaa52 elementor-widget elementor-widget-spacer\" data-id=\"dccaa52\" data-element_type=\"widget\" data-widget_type=\"spacer.default\">\n\t\t\t\t<div class=\"elementor-widget-container\">\n\t\t\t\t\t<div class=\"elementor-spacer\">\n\t\t\t<div class=\"elementor-spacer-inner\"><\/div>\n\t\t<\/div>\n\t\t\t\t<\/div>\n\t\t\t\t<\/div>\n\t\t\t\t\t\t<\/div>\n\t\t\t<\/div>\n\t\t<\/div>\n\t\t\t\t\t\t<\/div>\n\t\t\t<\/div>\n\t\t<\/section>\n\t\t\t\t<section class=\"elementor-element elementor-element-33cbc2d elementor-section-boxed elementor-section-height-default elementor-section-height-default elementor-invisible elementor-section elementor-top-section\" data-id=\"33cbc2d\" data-element_type=\"section\" id=\"AboutUs\" data-settings=\"{&quot;animation&quot;:&quot;fadeIn&quot;,&quot;animation_delay&quot;:0}\">\n\t\t\t\t\t\t<div class=\"elementor-container elementor-column-gap-default\">\n\t\t\t\t<div class=\"elementor-row\">\n\t\t\t\t<div class=\"aux-parallax-section elementor-element elementor-element-d1190ce elementor-column elementor-col-50 elementor-top-column\" data-id=\"d1190ce\" data-element_type=\"column\">\n\t\t\t<div class=\"elementor-column-wrap  elementor-element-populated\">\n\t\t\t\t\t<div class=\"elementor-widget-wrap\">\n\t\t\t\t<div class=\"elementor-element elementor-element-233cf6c aux-appear-watch-animation aux-scale-up animated-slow elementor-invisible elementor-widget elementor-widget-aux_image\" data-id=\"233cf6c\" data-element_type=\"widget\" data-settings=\"{&quot;_animation&quot;:&quot;none&quot;}\" data-widget_type=\"aux_image.default\">\n\t\t\t\t<div class=\"elementor-widget-container\">\n\t\t\t<section class=\"widget-container aux-widget-image aux-alignnone aux-parent-aue6fdc029\" style=\"\" >\n    <div class=\"aux-media-hint-frame \">\n        <div class=\"aux-media-image \" >\n        \n            \n\n            \n            <img decoding=\"async\" loading=\"lazy\" width=\"780\" height=\"709\" src=\"data:image\/gif;base64,R0lGODlhAQABAIAAAAAAAP\/\/\/yH5BAEAAAAALAAAAAABAAEAAAIBRAA7\" class=\"aux-attachment aux-featured-image aux-attachment-id-1195 aux-preload aux-blank\" alt=\"AntonioCardo-2025\" data-ratio=\"1.1\" data-original-w=\"1500\" sizes=\"auto\" data-srcset=\"https:\/\/antoniocardo.es\/fr\/wp-content\/uploads\/sites\/3\/2020\/01\/AntonioCardo-2025-150x136.jpg 150w,https:\/\/antoniocardo.es\/fr\/wp-content\/uploads\/sites\/3\/2020\/01\/AntonioCardo-2025-300x273.jpg 300w,https:\/\/antoniocardo.es\/fr\/wp-content\/uploads\/sites\/3\/2020\/01\/AntonioCardo-2025-768x698.jpg 768w,https:\/\/antoniocardo.es\/fr\/wp-content\/uploads\/sites\/3\/2020\/01\/AntonioCardo-2025-1024x931.jpg 1024w,https:\/\/antoniocardo.es\/fr\/wp-content\/uploads\/sites\/3\/2020\/01\/AntonioCardo-2025-780x709.jpg 780w\" data-src=\"https:\/\/antoniocardo.es\/fr\/wp-content\/uploads\/sites\/3\/2020\/01\/AntonioCardo-2025-780x709.jpg\" \/>            \n                <\/div>\n    <\/div>\n\n<\/section><!-- widget-container -->\t\t<\/div>\n\t\t\t\t<\/div>\n\t\t\t\t\t\t<\/div>\n\t\t\t<\/div>\n\t\t<\/div>\n\t\t\t\t<div class=\"aux-parallax-section elementor-element elementor-element-7f515a1 elementor-column elementor-col-50 elementor-top-column\" data-id=\"7f515a1\" data-element_type=\"column\">\n\t\t\t<div class=\"elementor-column-wrap  elementor-element-populated\">\n\t\t\t\t\t<div class=\"elementor-widget-wrap\">\n\t\t\t\t<div class=\"elementor-element elementor-element-b73167d aux-appear-watch-animation aux-fade-in-up elementor-invisible elementor-widget elementor-widget-aux_modern_heading\" data-id=\"b73167d\" data-element_type=\"widget\" data-settings=\"{&quot;_animation&quot;:&quot;none&quot;}\" data-widget_type=\"aux_modern_heading.default\">\n\t\t\t\t<div class=\"elementor-widget-container\">\n\t\t\t<section class=\"aux-widget-modern-heading\">\n            <div class=\"aux-widget-inner \"><div class=\"aux-modern-heading-divider\"><\/div><h2 class=\"aux-modern-heading-primary\">Frutas Cardo<\/h2><h3 class=\"aux-modern-heading-secondary\"><span class=\"aux-head-before\">Qualit\u00e9<\/span><\/h3><div class=\"aux-modern-heading-description\"><p class=\"p1\">Nous avons mis en place des syst\u00e8mes de contr\u00f4le de qualit\u00e9 avec l'objectif de garantir la qualit\u00e9, la fra\u00eecheur et la s\u00e9curit\u00e9 de nos produits pendant l\u2019int\u00e9gralit\u00e9 du processus.<\/p><p class=\"p1\">Nous sommes pr\u00e9sents \u00e0 chacun des moments forts de la production depuis la r\u00e9colte des fruits, au champ, jusqu\u2019\u00e0 la distribution. Ce qui nous permet de traiter directement avec l\u2019agriculteur afin de conna\u00eetre ses pratiques agraires ainsi que les m\u00e9thodologies de travail qu\u2019il applique. Tout le processus demeure consign\u00e9 dans le livre d\u2019exploitation de l\u2019entreprise.<\/p><p class=\"p1\">Par ailleurs, pr\u00e9alablement \u00e0 la r\u00e9colte, nous supervisons, au champ, le processus (solution\/effet) \u00e0 l\u2019aide de diff\u00e9rentes analyses (couleur, taux de sucre).<\/p><p class=\"p1\">L\u2019accent est mis fortement, durant tout le processus, sur le suivi, la tra\u00e7abilit\u00e9 du produit afin de contr\u00f4ler chaque \u00e9tape de la production fruiti\u00e8re.<\/p><p class=\"p1\">Quant \u00e0 la manutention et au conditionnement, nous comptons avec la toute derni\u00e8re technologie en mati\u00e8re de syst\u00e8mes de qualit\u00e9, permettant de trier les fruits, par couleur, diam\u00e8tre, densit\u00e9, poids et crit\u00e8res visuels. Nous offrons, de plus, une grande vari\u00e9t\u00e9 de calibres selon les diff\u00e9rentes vari\u00e9t\u00e9s.<\/p><\/div><\/div>\n        <\/section>\t\t<\/div>\n\t\t\t\t<\/div>\n\t\t\t\t\t\t<\/div>\n\t\t\t<\/div>\n\t\t<\/div>\n\t\t\t\t\t\t<\/div>\n\t\t\t<\/div>\n\t\t<\/section>\n\t\t\t\t<section class=\"elementor-element elementor-element-3530fdb elementor-section-height-min-height elementor-section-stretched elementor-section-full_width elementor-section-height-default elementor-section-items-middle elementor-section elementor-top-section\" data-id=\"3530fdb\" data-element_type=\"section\" data-settings=\"{&quot;background_background&quot;:&quot;classic&quot;,&quot;stretch_section&quot;:&quot;section-stretched&quot;}\">\n\t\t\t\t\t\t\t<div class=\"elementor-background-overlay\"><\/div>\n\t\t\t\t\t\t\t<div class=\"elementor-container elementor-column-gap-default\">\n\t\t\t\t<div class=\"elementor-row\">\n\t\t\t\t<div class=\"aux-parallax-section elementor-element elementor-element-bb48c78 elementor-column elementor-col-100 elementor-top-column\" data-id=\"bb48c78\" data-element_type=\"column\">\n\t\t\t<div class=\"elementor-column-wrap  elementor-element-populated\">\n\t\t\t\t\t<div class=\"elementor-widget-wrap\">\n\t\t\t\t<div class=\"elementor-element elementor-element-bf58826 aux-appear-watch-animation aux-scale-down-1 elementor-widget elementor-widget-testimonial\" data-id=\"bf58826\" data-element_type=\"widget\" data-widget_type=\"testimonial.default\">\n\t\t\t\t<div class=\"elementor-widget-container\">\n\t\t\t\t\t<div class=\"elementor-testimonial-wrapper elementor-testimonial-text-align-center\">\n\t\t\t\t\t\t\t<div class=\"elementor-testimonial-content\"><span>,,<\/span>\n\n<\/div>\n\t\t\t\n\t\t\t\t\t\t<div class=\"elementor-testimonial-meta\">\n\t\t\t\t<div class=\"elementor-testimonial-meta-inner\">\n\t\t\t\t\t\n\t\t\t\t\t\t\t\t\t\t<div class=\"elementor-testimonial-details\">\n\t\t\t\t\t\t\t\t\t\t\t\t\t\t<div class=\"elementor-testimonial-name\">Nous sommes pr\u00e9sents \u00e0 chacun des moments forts de la production depuis la r\u00e9colte des fruits, au champ, jusqu\u2019\u00e0 la distribution<\/div>\n\t\t\t\t\t\t\t\t\t\t\t\t\t\t\t\t\t\t\t\t\t\t<div class=\"elementor-testimonial-job\">- -Frutas Cardo S.L. -<\/div>\n\t\t\t\t\t\t\t\t\t\t\t\t\t<\/div>\n\t\t\t\t\t\t\t\t\t<\/div>\n\t\t\t<\/div>\n\t\t\t\t\t<\/div>\n\t\t\t\t<\/div>\n\t\t\t\t<\/div>\n\t\t\t\t\t\t<\/div>\n\t\t\t<\/div>\n\t\t<\/div>\n\t\t\t\t\t\t<\/div>\n\t\t\t<\/div>\n\t\t<\/section>\n\t\t\t\t<section class=\"elementor-element elementor-element-25718cc aux-appear-watch-animation aux-fade-in-up elementor-section-boxed elementor-section-height-default elementor-section-height-default elementor-section elementor-top-section\" data-id=\"25718cc\" data-element_type=\"section\">\n\t\t\t\t\t\t<div class=\"elementor-container elementor-column-gap-default\">\n\t\t\t\t<div class=\"elementor-row\">\n\t\t\t\t<div class=\"aux-parallax-section elementor-element elementor-element-65d1d69 elementor-column elementor-col-16 elementor-top-column\" data-id=\"65d1d69\" data-element_type=\"column\">\n\t\t\t<div class=\"elementor-column-wrap\">\n\t\t\t\t\t<div class=\"elementor-widget-wrap\">\n\t\t\t\t\t\t<\/div>\n\t\t\t<\/div>\n\t\t<\/div>\n\t\t\t\t<div class=\"aux-parallax-section elementor-element elementor-element-5eaa483 elementor-column elementor-col-66 elementor-top-column\" data-id=\"5eaa483\" data-element_type=\"column\">\n\t\t\t<div class=\"elementor-column-wrap  elementor-element-populated\">\n\t\t\t\t\t<div class=\"elementor-widget-wrap\">\n\t\t\t\t<div class=\"elementor-element elementor-element-e7de42f elementor-widget elementor-widget-image\" data-id=\"e7de42f\" data-element_type=\"widget\" data-widget_type=\"image.default\">\n\t\t\t\t<div class=\"elementor-widget-container\">\n\t\t\t\t\t<div class=\"elementor-image\">\n\t\t\t\t\t\t\t\t\t\t<img width=\"150\" height=\"150\" src=\"https:\/\/antoniocardo.es\/fr\/wp-content\/uploads\/sites\/3\/2020\/01\/ilustracion-jazmin3-150x150.jpg\" class=\"attachment-thumbnail size-thumbnail\" alt=\"\" decoding=\"async\" loading=\"lazy\" \/>\t\t\t\t\t\t\t\t\t\t\t<\/div>\n\t\t\t\t<\/div>\n\t\t\t\t<\/div>\n\t\t\t\t\t\t<\/div>\n\t\t\t<\/div>\n\t\t<\/div>\n\t\t\t\t<div class=\"aux-parallax-section elementor-element elementor-element-af9d14c elementor-column elementor-col-16 elementor-top-column\" data-id=\"af9d14c\" data-element_type=\"column\">\n\t\t\t<div class=\"elementor-column-wrap\">\n\t\t\t\t\t<div class=\"elementor-widget-wrap\">\n\t\t\t\t\t\t<\/div>\n\t\t\t<\/div>\n\t\t<\/div>\n\t\t\t\t\t\t<\/div>\n\t\t\t<\/div>\n\t\t<\/section>\n\t\t\t\t<section class=\"elementor-element elementor-element-7d7c8045 elementor-section-stretched elementor-section-full_width elementor-section-height-default elementor-section-height-default elementor-section elementor-top-section\" data-id=\"7d7c8045\" data-element_type=\"section\" data-settings=\"{&quot;background_background&quot;:&quot;classic&quot;,&quot;stretch_section&quot;:&quot;section-stretched&quot;}\">\n\t\t\t\t\t\t<div class=\"elementor-container elementor-column-gap-default\">\n\t\t\t\t<div class=\"elementor-row\">\n\t\t\t\t<div class=\"aux-parallax-section elementor-element elementor-element-642dff1f elementor-column elementor-col-16 elementor-top-column\" data-id=\"642dff1f\" data-element_type=\"column\">\n\t\t\t<div class=\"elementor-column-wrap\">\n\t\t\t\t\t<div class=\"elementor-widget-wrap\">\n\t\t\t\t\t\t<\/div>\n\t\t\t<\/div>\n\t\t<\/div>\n\t\t\t\t<div class=\"aux-parallax-section elementor-element elementor-element-195a6eda elementor-column elementor-col-66 elementor-top-column\" data-id=\"195a6eda\" data-element_type=\"column\">\n\t\t\t<div class=\"elementor-column-wrap  elementor-element-populated\">\n\t\t\t\t\t<div class=\"elementor-widget-wrap\">\n\t\t\t\t<div class=\"elementor-element elementor-element-1c7f2962 elementor-widget elementor-widget-heading\" data-id=\"1c7f2962\" data-element_type=\"widget\" data-widget_type=\"heading.default\">\n\t\t\t\t<div class=\"elementor-widget-container\">\n\t\t\t<p class=\"elementor-heading-title elementor-size-default\">Contactez-Nous<\/p>\t\t<\/div>\n\t\t\t\t<\/div>\n\t\t\t\t<div class=\"elementor-element elementor-element-34cb1762 elementor-align-center aux-appear-watch-animation aux-fade-in-up elementor-widget elementor-widget-button\" data-id=\"34cb1762\" data-element_type=\"widget\" data-widget_type=\"button.default\">\n\t\t\t\t<div class=\"elementor-widget-container\">\n\t\t\t\t\t<div class=\"elementor-button-wrapper\">\n\t\t\t<a href=\"https:\/\/antoniocardo.es\/fr\/contacter\/\" class=\"elementor-button-link elementor-button elementor-size-sm\" role=\"button\">\n\t\t\t\t\t\t<span class=\"elementor-button-content-wrapper\">\n\t\t\t\t\t\t<span class=\"elementor-button-text\">ENVOYEZ-NOUS UN MESSAGE<\/span>\n\t\t<\/span>\n\t\t\t\t\t<\/a>\n\t\t<\/div>\n\t\t\t\t<\/div>\n\t\t\t\t<\/div>\n\t\t\t\t\t\t<\/div>\n\t\t\t<\/div>\n\t\t<\/div>\n\t\t\t\t<div class=\"aux-parallax-section elementor-element elementor-element-5108ef54 elementor-column elementor-col-16 elementor-top-column\" data-id=\"5108ef54\" data-element_type=\"column\">\n\t\t\t<div class=\"elementor-column-wrap\">\n\t\t\t\t\t<div class=\"elementor-widget-wrap\">\n\t\t\t\t\t\t<\/div>\n\t\t\t<\/div>\n\t\t<\/div>\n\t\t\t\t\t\t<\/div>\n\t\t\t<\/div>\n\t\t<\/section>\n\t\t\t\t\t\t<\/div>\n\t\t\t<\/div>\n\t\t<\/div>\n\t\t","protected":false},"excerpt":{"rendered":"<p>Frutas Cardo Qualit\u00e9 Nous avons mis en place des syst\u00e8mes de contr\u00f4le de qualit\u00e9 avec l&rsquo;objectif de garantir la qualit\u00e9, la fra\u00eecheur et la s\u00e9curit\u00e9 de nos produits pendant l\u2019int\u00e9gralit\u00e9 du processus. Nous sommes pr\u00e9sents \u00e0 chacun des moments forts de la production depuis la r\u00e9colte des fruits, au champ, jusqu\u2019\u00e0 la distribution. Ce qui [&hellip;]<\/p>\n","protected":false},"author":3,"featured_media":0,"parent":0,"menu_order":0,"comment_status":"closed","ping_status":"closed","template":"","meta":[],"_links":{"self":[{"href":"https:\/\/antoniocardo.es\/fr\/wp-json\/wp\/v2\/pages\/82"}],"collection":[{"href":"https:\/\/antoniocardo.es\/fr\/wp-json\/wp\/v2\/pages"}],"about":[{"href":"https:\/\/antoniocardo.es\/fr\/wp-json\/wp\/v2\/types\/page"}],"author":[{"embeddable":true,"href":"https:\/\/antoniocardo.es\/fr\/wp-json\/wp\/v2\/users\/3"}],"replies":[{"embeddable":true,"href":"https:\/\/antoniocardo.es\/fr\/wp-json\/wp\/v2\/comments?post=82"}],"version-history":[{"count":84,"href":"https:\/\/antoniocardo.es\/fr\/wp-json\/wp\/v2\/pages\/82\/revisions"}],"predecessor-version":[{"id":2165,"href":"https:\/\/antoniocardo.es\/fr\/wp-json\/wp\/v2\/pages\/82\/revisions\/2165"}],"wp:attachment":[{"href":"https:\/\/antoniocardo.es\/fr\/wp-json\/wp\/v2\/media?parent=82"}],"curies":[{"name":"wp","href":"https:\/\/api.w.org\/{rel}","templated":true}]}}