{"id":1827,"date":"2020-02-25T22:59:40","date_gmt":"2020-02-25T21:59:40","guid":{"rendered":"https:\/\/antoniocardo.es\/?page_id=1827"},"modified":"2024-10-24T12:28:42","modified_gmt":"2024-10-24T10:28:42","slug":"home","status":"publish","type":"page","link":"https:\/\/antoniocardo.es\/fr\/","title":{"rendered":"accueil"},"content":{"rendered":"\t\t<div data-elementor-type=\"wp-post\" data-elementor-id=\"1827\" class=\"elementor elementor-1827\" data-elementor-settings=\"[]\">\n\t\t\t<div class=\"elementor-inner\">\n\t\t\t\t<div class=\"elementor-section-wrap\">\n\t\t\t\t\t\t\t<section class=\"elementor-element elementor-element-5ac2bdd6 elementor-section-stretched elementor-section-full_width elementor-section-height-default elementor-section-height-default elementor-section elementor-top-section\" data-id=\"5ac2bdd6\" data-element_type=\"section\" data-settings=\"{&quot;stretch_section&quot;:&quot;section-stretched&quot;}\">\n\t\t\t\t\t\t<div class=\"elementor-container elementor-column-gap-no\">\n\t\t\t\t<div class=\"elementor-row\">\n\t\t\t\t<div class=\"aux-parallax-section elementor-element elementor-element-4aa7b6f4 elementor-column elementor-col-100 elementor-top-column\" data-id=\"4aa7b6f4\" data-element_type=\"column\">\n\t\t\t<div class=\"elementor-column-wrap  elementor-element-populated\">\n\t\t\t\t\t<div class=\"elementor-widget-wrap\">\n\t\t\t\t<div class=\"elementor-element elementor-element-5731ddb8 elementor--h-position-center elementor--v-position-middle elementor-widget elementor-widget-slides\" data-id=\"5731ddb8\" data-element_type=\"widget\" data-widget_type=\"slides.default\">\n\t\t\t\t<div class=\"elementor-widget-container\">\n\t\t\t\t\t<div class=\"elementor-slides-wrapper elementor-slick-slider\" dir=\"ltr\">\n\t\t\t<div class=\"elementor-slides slick-arrows-outside slick-dots-inside\" data-slider_options=\"{&quot;slidesToShow&quot;:1,&quot;autoplaySpeed&quot;:5000,&quot;autoplay&quot;:true,&quot;infinite&quot;:true,&quot;pauseOnHover&quot;:true,&quot;speed&quot;:500,&quot;arrows&quot;:true,&quot;dots&quot;:true,&quot;rtl&quot;:false}\" data-animation=\"fadeInUp\">\n\t\t\t\t<div class=\"elementor-repeater-item-cc6e4ca slick-slide\"><div class=\"slick-slide-bg elementor-ken-in\"><\/div><div  class=\"slick-slide-inner\"><div class=\"elementor-slide-content\"><div class=\"elementor-slide-heading\">L\u2019Amour de notre Terre<\/div><div class=\"elementor-slide-description\">Nous traitons le produit avec le plus grand respect possible, selon la philosophie qui est la n\u00f4tre : \u201csaveur, fra\u00eecheur et couleur\u201d<\/div><\/div><\/div><\/div><div class=\"elementor-repeater-item-ef84731 slick-slide\"><div class=\"slick-slide-bg elementor-ken-in\"><\/div><div  class=\"slick-slide-inner\"><div class=\"elementor-background-overlay\"><\/div><div class=\"elementor-slide-content\"><div class=\"elementor-slide-heading\">Syst\u00e8mes de Contr\u00f4le de Qualit\u00e9<\/div><div class=\"elementor-slide-description\">Nous sommes pr\u00e9sents \u00e0 chacun des moments forts de la production depuis la r\u00e9colte des fruits, au champ, jusqu\u2019\u00e0 leur distribution<\/div><\/div><\/div><\/div>\t\t\t<\/div>\n\t\t<\/div>\n\t\t\t\t<\/div>\n\t\t\t\t<\/div>\n\t\t\t\t\t\t<\/div>\n\t\t\t<\/div>\n\t\t<\/div>\n\t\t\t\t\t\t<\/div>\n\t\t\t<\/div>\n\t\t<\/section>\n\t\t\t\t<section class=\"elementor-element elementor-element-78a498d9 elementor-section-boxed elementor-section-height-default elementor-section-height-default elementor-section elementor-top-section\" data-id=\"78a498d9\" data-element_type=\"section\">\n\t\t\t\t\t\t<div class=\"elementor-container elementor-column-gap-default\">\n\t\t\t\t<div class=\"elementor-row\">\n\t\t\t\t<div class=\"aux-parallax-section elementor-element elementor-element-6c4d7f3f elementor-column elementor-col-33 elementor-top-column\" data-id=\"6c4d7f3f\" data-element_type=\"column\">\n\t\t\t<div class=\"elementor-column-wrap\">\n\t\t\t\t\t<div class=\"elementor-widget-wrap\">\n\t\t\t\t\t\t<\/div>\n\t\t\t<\/div>\n\t\t<\/div>\n\t\t\t\t<div class=\"aux-parallax-section elementor-element elementor-element-49000f25 elementor-column elementor-col-33 elementor-top-column\" data-id=\"49000f25\" data-element_type=\"column\">\n\t\t\t<div class=\"elementor-column-wrap  elementor-element-populated\">\n\t\t\t\t\t<div class=\"elementor-widget-wrap\">\n\t\t\t\t<div class=\"elementor-element elementor-element-449095b elementor-widget elementor-widget-image\" data-id=\"449095b\" data-element_type=\"widget\" data-widget_type=\"image.default\">\n\t\t\t\t<div class=\"elementor-widget-container\">\n\t\t\t\t\t<div class=\"elementor-image\">\n\t\t\t\t\t\t\t\t\t\t<img width=\"250\" height=\"197\" src=\"https:\/\/antoniocardo.es\/fr\/wp-content\/uploads\/sites\/3\/2020\/01\/ilustracion-jazmin4.jpg\" class=\"attachment-full size-full\" alt=\"\" decoding=\"async\" loading=\"lazy\" \/>\t\t\t\t\t\t\t\t\t\t\t<\/div>\n\t\t\t\t<\/div>\n\t\t\t\t<\/div>\n\t\t\t\t\t\t<\/div>\n\t\t\t<\/div>\n\t\t<\/div>\n\t\t\t\t<div class=\"aux-parallax-section elementor-element elementor-element-31c63f78 elementor-column elementor-col-33 elementor-top-column\" data-id=\"31c63f78\" data-element_type=\"column\">\n\t\t\t<div class=\"elementor-column-wrap\">\n\t\t\t\t\t<div class=\"elementor-widget-wrap\">\n\t\t\t\t\t\t<\/div>\n\t\t\t<\/div>\n\t\t<\/div>\n\t\t\t\t\t\t<\/div>\n\t\t\t<\/div>\n\t\t<\/section>\n\t\t\t\t<section class=\"elementor-element elementor-element-591b311b elementor-section-boxed elementor-section-height-default elementor-section-height-default elementor-section elementor-top-section\" data-id=\"591b311b\" data-element_type=\"section\" id=\"service\">\n\t\t\t\t\t\t<div class=\"elementor-container elementor-column-gap-default\">\n\t\t\t\t<div class=\"elementor-row\">\n\t\t\t\t<div class=\"aux-parallax-section elementor-element elementor-element-385239a3 elementor-column elementor-col-25 elementor-top-column\" data-id=\"385239a3\" data-element_type=\"column\">\n\t\t\t<div class=\"elementor-column-wrap  elementor-element-populated\">\n\t\t\t\t\t<div class=\"elementor-widget-wrap\">\n\t\t\t\t<div class=\"elementor-element elementor-element-3c15c7de aux-appear-watch-animation aux-fade-in elementor-widget elementor-widget-aux_modern_heading\" data-id=\"3c15c7de\" data-element_type=\"widget\" data-widget_type=\"aux_modern_heading.default\">\n\t\t\t\t<div class=\"elementor-widget-container\">\n\t\t\t<section class=\"aux-widget-modern-heading\">\n            <div class=\"aux-widget-inner \"><div class=\"aux-modern-heading-divider\"><\/div><h2 class=\"aux-modern-heading-primary\">Une Cha\u00eene Qualit\u00e9 int\u00e9grale<\/h2><h3 class=\"aux-modern-heading-secondary\"><span class=\"aux-head-before\">Depuis la r\u00e9colte dans les champs, jusqu\u2019\u00e0 la distribution<\/span><\/h3><\/div>\n        <\/section>\t\t<\/div>\n\t\t\t\t<\/div>\n\t\t\t\t\t\t<\/div>\n\t\t\t<\/div>\n\t\t<\/div>\n\t\t\t\t<div class=\"aux-parallax-section elementor-element elementor-element-78530bfd elementor-column elementor-col-25 elementor-top-column\" data-id=\"78530bfd\" data-element_type=\"column\" data-settings=\"{&quot;background_background&quot;:&quot;gradient&quot;}\">\n\t\t\t<div class=\"elementor-column-wrap  elementor-element-populated\">\n\t\t\t\t\t\t\t<div class=\"elementor-background-overlay\"><\/div>\n\t\t\t\t\t<div class=\"elementor-widget-wrap\">\n\t\t\t\t<div class=\"elementor-element elementor-element-3f70b182 elementor-vertical-align-middle aux-appear-watch-animation aux-fade-in-right-1 elementor-position-top elementor-widget elementor-widget-image-box\" data-id=\"3f70b182\" data-element_type=\"widget\" data-widget_type=\"image-box.default\">\n\t\t\t\t<div class=\"elementor-widget-container\">\n\t\t\t<div class=\"elementor-image-box-wrapper\"><figure class=\"elementor-image-box-img\"><a href=\"#historia\"><img width=\"82\" height=\"81\" src=\"https:\/\/antoniocardo.es\/fr\/wp-content\/uploads\/sites\/3\/2019\/08\/iconos-cardo-01.png\" class=\"attachment-full size-full\" alt=\"\" decoding=\"async\" loading=\"lazy\" \/><\/a><\/figure><div class=\"elementor-image-box-content\"><h3 class=\"elementor-image-box-title\"><a href=\"#historia\">Notre Histoire, <br>nos Origines<\/a><\/h3><p class=\"elementor-image-box-description\">Les origines de la soci\u00e9t\u00e9 Frutas Cardo, S.L, remontent \u00e0 la production viticole ainsi qu\u2019\u00e0 celle de fruits\nd\u2019\u00e9t\u00e9 pendant les ann\u00e9es d\u2019apr\u00e8s-guerre de l\u2019Espagne.<\/p><\/div><\/div>\t\t<\/div>\n\t\t\t\t<\/div>\n\t\t\t\t\t\t<\/div>\n\t\t\t<\/div>\n\t\t<\/div>\n\t\t\t\t<div class=\"aux-parallax-section elementor-element elementor-element-77a4f69 elementor-column elementor-col-25 elementor-top-column\" data-id=\"77a4f69\" data-element_type=\"column\">\n\t\t\t<div class=\"elementor-column-wrap  elementor-element-populated\">\n\t\t\t\t\t<div class=\"elementor-widget-wrap\">\n\t\t\t\t<div class=\"elementor-element elementor-element-4efee220 elementor-vertical-align-middle aux-appear-watch-animation aux-fade-in-right-1 elementor-position-top elementor-widget elementor-widget-image-box\" data-id=\"4efee220\" data-element_type=\"widget\" data-widget_type=\"image-box.default\">\n\t\t\t\t<div class=\"elementor-widget-container\">\n\t\t\t<div class=\"elementor-image-box-wrapper\"><figure class=\"elementor-image-box-img\"><a href=\"#productos\"><img width=\"82\" height=\"81\" src=\"https:\/\/antoniocardo.es\/fr\/wp-content\/uploads\/sites\/3\/2019\/08\/iconos-cardo-02.png\" class=\"attachment-full size-full\" alt=\"\" decoding=\"async\" loading=\"lazy\" \/><\/a><\/figure><div class=\"elementor-image-box-content\"><h3 class=\"elementor-image-box-title\"><a href=\"#productos\">Agriculteurs et <br>Exportateurs<\/a><\/h3><p class=\"elementor-image-box-description\">Nous s\u00e9lectionnons, r\u00e9coltons, assurons la manutention et la distribution tant au niveau national qu'\u00e0 l'international.\n <\/p><\/div><\/div>\t\t<\/div>\n\t\t\t\t<\/div>\n\t\t\t\t\t\t<\/div>\n\t\t\t<\/div>\n\t\t<\/div>\n\t\t\t\t<div class=\"aux-parallax-section elementor-element elementor-element-cb4a691 elementor-column elementor-col-25 elementor-top-column\" data-id=\"cb4a691\" data-element_type=\"column\">\n\t\t\t<div class=\"elementor-column-wrap  elementor-element-populated\">\n\t\t\t\t\t<div class=\"elementor-widget-wrap\">\n\t\t\t\t<div class=\"elementor-element elementor-element-3c41a454 elementor-vertical-align-middle aux-appear-watch-animation aux-fade-in-right-1 elementor-position-top elementor-widget elementor-widget-image-box\" data-id=\"3c41a454\" data-element_type=\"widget\" data-widget_type=\"image-box.default\">\n\t\t\t\t<div class=\"elementor-widget-container\">\n\t\t\t<div class=\"elementor-image-box-wrapper\"><figure class=\"elementor-image-box-img\"><a href=\"#calidad\"><img width=\"82\" height=\"81\" src=\"https:\/\/antoniocardo.es\/fr\/wp-content\/uploads\/sites\/3\/2019\/08\/iconos-cardo-03.png\" class=\"attachment-full size-full\" alt=\"\" decoding=\"async\" loading=\"lazy\" \/><\/a><\/figure><div class=\"elementor-image-box-content\"><h3 class=\"elementor-image-box-title\"><a href=\"#calidad\">Une Qualit\u00e9 qui fait la Diff\u00e9rence<\/a><\/h3><p class=\"elementor-image-box-description\">Nous mettons en place des syst\u00e8mes de contr\u00f4le de qualit\u00e9 avec l'objectif de garantir la tra\u00e7abilit\u00e9, la fra\u00eecheur et la s\u00e9curit\u00e9 de nos produits.<\/p><\/div><\/div>\t\t<\/div>\n\t\t\t\t<\/div>\n\t\t\t\t\t\t<\/div>\n\t\t\t<\/div>\n\t\t<\/div>\n\t\t\t\t\t\t<\/div>\n\t\t\t<\/div>\n\t\t<\/section>\n\t\t\t\t<section class=\"elementor-element elementor-element-28683d9a elementor-section-boxed elementor-section-height-default elementor-section-height-default elementor-section elementor-top-section\" data-id=\"28683d9a\" data-element_type=\"section\">\n\t\t\t\t\t\t<div class=\"elementor-container elementor-column-gap-default\">\n\t\t\t\t<div class=\"elementor-row\">\n\t\t\t\t<div class=\"aux-parallax-section elementor-element elementor-element-876fb49 elementor-column elementor-col-33 elementor-top-column\" data-id=\"876fb49\" data-element_type=\"column\">\n\t\t\t<div class=\"elementor-column-wrap\">\n\t\t\t\t\t<div class=\"elementor-widget-wrap\">\n\t\t\t\t\t\t<\/div>\n\t\t\t<\/div>\n\t\t<\/div>\n\t\t\t\t<div class=\"aux-parallax-section elementor-element elementor-element-574f2702 elementor-column elementor-col-33 elementor-top-column\" data-id=\"574f2702\" data-element_type=\"column\">\n\t\t\t<div class=\"elementor-column-wrap  elementor-element-populated\">\n\t\t\t\t\t<div class=\"elementor-widget-wrap\">\n\t\t\t\t<div class=\"elementor-element elementor-element-2cd69d3a elementor-invisible elementor-widget elementor-widget-image\" data-id=\"2cd69d3a\" data-element_type=\"widget\" data-settings=\"{&quot;_animation&quot;:&quot;fadeIn&quot;}\" data-widget_type=\"image.default\">\n\t\t\t\t<div class=\"elementor-widget-container\">\n\t\t\t\t\t<div class=\"elementor-image\">\n\t\t\t\t\t\t\t\t\t\t<img width=\"350\" height=\"181\" src=\"https:\/\/antoniocardo.es\/fr\/wp-content\/uploads\/sites\/3\/2020\/01\/ilustracion-jazmin2.jpg\" class=\"attachment-full size-full\" alt=\"\" decoding=\"async\" loading=\"lazy\" \/>\t\t\t\t\t\t\t\t\t\t\t<\/div>\n\t\t\t\t<\/div>\n\t\t\t\t<\/div>\n\t\t\t\t\t\t<\/div>\n\t\t\t<\/div>\n\t\t<\/div>\n\t\t\t\t<div class=\"aux-parallax-section elementor-element elementor-element-282bdff0 elementor-column elementor-col-33 elementor-top-column\" data-id=\"282bdff0\" data-element_type=\"column\">\n\t\t\t<div class=\"elementor-column-wrap\">\n\t\t\t\t\t<div class=\"elementor-widget-wrap\">\n\t\t\t\t\t\t<\/div>\n\t\t\t<\/div>\n\t\t<\/div>\n\t\t\t\t\t\t<\/div>\n\t\t\t<\/div>\n\t\t<\/section>\n\t\t\t\t<section class=\"elementor-element elementor-element-5a0b1f2c elementor-section-boxed elementor-section-height-default elementor-section-height-default elementor-section elementor-top-section\" data-id=\"5a0b1f2c\" data-element_type=\"section\">\n\t\t\t\t\t\t<div class=\"elementor-container elementor-column-gap-default\">\n\t\t\t\t<div class=\"elementor-row\">\n\t\t\t\t<div class=\"aux-parallax-section elementor-element elementor-element-782dccc2 elementor-column elementor-col-33 elementor-top-column\" data-id=\"782dccc2\" data-element_type=\"column\">\n\t\t\t<div class=\"elementor-column-wrap  elementor-element-populated\">\n\t\t\t\t\t<div class=\"elementor-widget-wrap\">\n\t\t\t\t<div class=\"elementor-element elementor-element-1a24c6bf aux-appear-watch-animation aux-fade-in elementor-widget elementor-widget-aux_modern_heading\" data-id=\"1a24c6bf\" data-element_type=\"widget\" data-widget_type=\"aux_modern_heading.default\">\n\t\t\t\t<div class=\"elementor-widget-container\">\n\t\t\t<section class=\"aux-widget-modern-heading\">\n            <div class=\"aux-widget-inner \"><div class=\"aux-modern-heading-divider\"><\/div><h2 class=\"aux-modern-heading-primary\">Saveur, Fra\u00eecheur et Couleur<\/h2><h2 class=\"aux-modern-heading-secondary\"><span class=\"aux-head-before\">Produits<\/span><\/h2><div class=\"aux-modern-heading-description\"><p class=\"p1\">D\u00e9couvrez les vari\u00e9t\u00e9s que nous cultivons et commercialisons<\/p><\/div><\/div>\n        <\/section>\t\t<\/div>\n\t\t\t\t<\/div>\n\t\t\t\t\t\t<\/div>\n\t\t\t<\/div>\n\t\t<\/div>\n\t\t\t\t<div class=\"aux-parallax-section elementor-element elementor-element-4c298adb elementor-column elementor-col-33 elementor-top-column\" data-id=\"4c298adb\" data-element_type=\"column\">\n\t\t\t<div class=\"elementor-column-wrap  elementor-element-populated\">\n\t\t\t\t\t<div class=\"elementor-widget-wrap\">\n\t\t\t\t<div class=\"elementor-element elementor-element-154a18bd elementor-invisible elementor-widget elementor-widget-image\" data-id=\"154a18bd\" data-element_type=\"widget\" data-settings=\"{&quot;_animation&quot;:&quot;fadeInDown&quot;}\" data-widget_type=\"image.default\">\n\t\t\t\t<div class=\"elementor-widget-container\">\n\t\t\t\t\t<div class=\"elementor-image\">\n\t\t\t\t\t\t\t\t\t\t<img width=\"500\" height=\"400\" src=\"https:\/\/antoniocardo.es\/fr\/wp-content\/uploads\/sites\/3\/2019\/07\/naranjas.jpg\" class=\"attachment-large size-large\" alt=\"\" decoding=\"async\" loading=\"lazy\" \/>\t\t\t\t\t\t\t\t\t\t\t<\/div>\n\t\t\t\t<\/div>\n\t\t\t\t<\/div>\n\t\t\t\t<div class=\"elementor-element elementor-element-1a4b31fb elementor-align-center elementor-invisible elementor-widget elementor-widget-button\" data-id=\"1a4b31fb\" data-element_type=\"widget\" data-settings=\"{&quot;_animation&quot;:&quot;fadeInDown&quot;}\" data-widget_type=\"button.default\">\n\t\t\t\t<div class=\"elementor-widget-container\">\n\t\t\t\t\t<div class=\"elementor-button-wrapper\">\n\t\t\t<a href=\"https:\/\/antoniocardo.es\/fr\/orange\/\" class=\"elementor-button-link elementor-button elementor-size-sm\" role=\"button\">\n\t\t\t\t\t\t<span class=\"elementor-button-content-wrapper\">\n\t\t\t\t\t\t<span class=\"elementor-button-text\">ORANGES<\/span>\n\t\t<\/span>\n\t\t\t\t\t<\/a>\n\t\t<\/div>\n\t\t\t\t<\/div>\n\t\t\t\t<\/div>\n\t\t\t\t\t\t<\/div>\n\t\t\t<\/div>\n\t\t<\/div>\n\t\t\t\t<div class=\"aux-parallax-section elementor-element elementor-element-7758d6ff elementor-column elementor-col-33 elementor-top-column\" data-id=\"7758d6ff\" data-element_type=\"column\">\n\t\t\t<div class=\"elementor-column-wrap  elementor-element-populated\">\n\t\t\t\t\t<div class=\"elementor-widget-wrap\">\n\t\t\t\t<div class=\"elementor-element elementor-element-38544896 elementor-invisible elementor-widget elementor-widget-image\" data-id=\"38544896\" data-element_type=\"widget\" data-settings=\"{&quot;_animation&quot;:&quot;fadeInDown&quot;}\" data-widget_type=\"image.default\">\n\t\t\t\t<div class=\"elementor-widget-container\">\n\t\t\t\t\t<div class=\"elementor-image\">\n\t\t\t\t\t\t\t\t\t\t<img width=\"500\" height=\"400\" src=\"https:\/\/antoniocardo.es\/fr\/wp-content\/uploads\/sites\/3\/2019\/07\/mandarinas.jpg\" class=\"attachment-large size-large\" alt=\"\" decoding=\"async\" loading=\"lazy\" \/>\t\t\t\t\t\t\t\t\t\t\t<\/div>\n\t\t\t\t<\/div>\n\t\t\t\t<\/div>\n\t\t\t\t<div class=\"elementor-element elementor-element-68baf749 elementor-align-center elementor-invisible elementor-widget elementor-widget-button\" data-id=\"68baf749\" data-element_type=\"widget\" data-settings=\"{&quot;_animation&quot;:&quot;fadeInDown&quot;}\" data-widget_type=\"button.default\">\n\t\t\t\t<div class=\"elementor-widget-container\">\n\t\t\t\t\t<div class=\"elementor-button-wrapper\">\n\t\t\t<a href=\"https:\/\/antoniocardo.es\/fr\/mandarine\/\" class=\"elementor-button-link elementor-button elementor-size-sm\" role=\"button\">\n\t\t\t\t\t\t<span class=\"elementor-button-content-wrapper\">\n\t\t\t\t\t\t<span class=\"elementor-button-text\">MANDARINES<\/span>\n\t\t<\/span>\n\t\t\t\t\t<\/a>\n\t\t<\/div>\n\t\t\t\t<\/div>\n\t\t\t\t<\/div>\n\t\t\t\t\t\t<\/div>\n\t\t\t<\/div>\n\t\t<\/div>\n\t\t\t\t\t\t<\/div>\n\t\t\t<\/div>\n\t\t<\/section>\n\t\t\t\t<section class=\"elementor-element elementor-element-6aa22f4c elementor-section-stretched elementor-section-full_width elementor-section-height-default elementor-section-height-default elementor-section elementor-top-section\" data-id=\"6aa22f4c\" data-element_type=\"section\" data-settings=\"{&quot;background_background&quot;:&quot;classic&quot;,&quot;stretch_section&quot;:&quot;section-stretched&quot;}\">\n\t\t\t\t\t\t<div class=\"elementor-container elementor-column-gap-default\">\n\t\t\t\t<div class=\"elementor-row\">\n\t\t\t\t<div class=\"aux-parallax-section elementor-element elementor-element-5d068592 elementor-column elementor-col-16 elementor-top-column\" data-id=\"5d068592\" data-element_type=\"column\">\n\t\t\t<div class=\"elementor-column-wrap\">\n\t\t\t\t\t<div class=\"elementor-widget-wrap\">\n\t\t\t\t\t\t<\/div>\n\t\t\t<\/div>\n\t\t<\/div>\n\t\t\t\t<div class=\"aux-parallax-section elementor-element elementor-element-90e5d12 elementor-column elementor-col-66 elementor-top-column\" data-id=\"90e5d12\" data-element_type=\"column\">\n\t\t\t<div class=\"elementor-column-wrap  elementor-element-populated\">\n\t\t\t\t\t<div class=\"elementor-widget-wrap\">\n\t\t\t\t<div class=\"elementor-element elementor-element-6db37035 elementor-widget elementor-widget-heading\" data-id=\"6db37035\" data-element_type=\"widget\" data-widget_type=\"heading.default\">\n\t\t\t\t<div class=\"elementor-widget-container\">\n\t\t\t<p class=\"elementor-heading-title elementor-size-default\">Contactez-nous<\/p>\t\t<\/div>\n\t\t\t\t<\/div>\n\t\t\t\t<div class=\"elementor-element elementor-element-5ca2deaf elementor-align-center aux-appear-watch-animation aux-fade-in-up elementor-widget elementor-widget-button\" data-id=\"5ca2deaf\" data-element_type=\"widget\" data-widget_type=\"button.default\">\n\t\t\t\t<div class=\"elementor-widget-container\">\n\t\t\t\t\t<div class=\"elementor-button-wrapper\">\n\t\t\t<a href=\"https:\/\/antoniocardo.es\/fr\/contacter\/\" class=\"elementor-button-link elementor-button elementor-size-sm\" role=\"button\">\n\t\t\t\t\t\t<span class=\"elementor-button-content-wrapper\">\n\t\t\t\t\t\t<span class=\"elementor-button-text\">ENVOYEZ-NOUS UN MESSAGE<\/span>\n\t\t<\/span>\n\t\t\t\t\t<\/a>\n\t\t<\/div>\n\t\t\t\t<\/div>\n\t\t\t\t<\/div>\n\t\t\t\t\t\t<\/div>\n\t\t\t<\/div>\n\t\t<\/div>\n\t\t\t\t<div class=\"aux-parallax-section elementor-element elementor-element-6c65da79 elementor-column elementor-col-16 elementor-top-column\" data-id=\"6c65da79\" data-element_type=\"column\">\n\t\t\t<div class=\"elementor-column-wrap\">\n\t\t\t\t\t<div class=\"elementor-widget-wrap\">\n\t\t\t\t\t\t<\/div>\n\t\t\t<\/div>\n\t\t<\/div>\n\t\t\t\t\t\t<\/div>\n\t\t\t<\/div>\n\t\t<\/section>\n\t\t\t\t\t\t<\/div>\n\t\t\t<\/div>\n\t\t<\/div>\n\t\t","protected":false},"excerpt":{"rendered":"<p>L\u2019Amour de notre TerreNous traitons le produit avec le plus grand respect possible, selon la philosophie qui est la n\u00f4tre : \u201csaveur, fra\u00eecheur et couleur\u201dSyst\u00e8mes de Contr\u00f4le de Qualit\u00e9Nous sommes pr\u00e9sents \u00e0 chacun des moments forts de la production depuis la r\u00e9colte des fruits, au champ, jusqu\u2019\u00e0 leur distribution Une Cha\u00eene Qualit\u00e9 int\u00e9grale Depuis la [&hellip;]<\/p>\n","protected":false},"author":3,"featured_media":0,"parent":0,"menu_order":0,"comment_status":"closed","ping_status":"closed","template":"elementor_header_footer","meta":[],"_links":{"self":[{"href":"https:\/\/antoniocardo.es\/fr\/wp-json\/wp\/v2\/pages\/1827"}],"collection":[{"href":"https:\/\/antoniocardo.es\/fr\/wp-json\/wp\/v2\/pages"}],"about":[{"href":"https:\/\/antoniocardo.es\/fr\/wp-json\/wp\/v2\/types\/page"}],"author":[{"embeddable":true,"href":"https:\/\/antoniocardo.es\/fr\/wp-json\/wp\/v2\/users\/3"}],"replies":[{"embeddable":true,"href":"https:\/\/antoniocardo.es\/fr\/wp-json\/wp\/v2\/comments?post=1827"}],"version-history":[{"count":37,"href":"https:\/\/antoniocardo.es\/fr\/wp-json\/wp\/v2\/pages\/1827\/revisions"}],"predecessor-version":[{"id":2162,"href":"https:\/\/antoniocardo.es\/fr\/wp-json\/wp\/v2\/pages\/1827\/revisions\/2162"}],"wp:attachment":[{"href":"https:\/\/antoniocardo.es\/fr\/wp-json\/wp\/v2\/media?parent=1827"}],"curies":[{"name":"wp","href":"https:\/\/api.w.org\/{rel}","templated":true}]}}